{"id":981,"date":"2025-07-03T15:31:11","date_gmt":"2025-07-03T15:31:11","guid":{"rendered":"https:\/\/anukbraendli.ch\/?page_id=981"},"modified":"2025-12-12T07:29:38","modified_gmt":"2025-12-12T07:29:38","slug":"medien-2","status":"publish","type":"page","link":"https:\/\/anukbraendli.ch\/index.php\/medien-2\/","title":{"rendered":"Medien"},"content":{"rendered":"\n<div class=\"wp-block-columns is-layout-flex wp-container-core-columns-is-layout-28f84493 wp-block-columns-is-layout-flex\">\n<div class=\"wp-block-column is-layout-flow wp-block-column-is-layout-flow\">\n<div style=\"height:12px\" aria-hidden=\"true\" class=\"wp-block-spacer\"><\/div>\n\n\n\n<h2 class=\"wp-block-heading has-text-align-right\">\u00abFreude \u00fcber die ersten Weltcup-Punkte und Rasts Kampfansage an Shiffrin\u00bb &#8211; Sport.ch<\/h2>\n\n\n\n<div style=\"height:30px\" aria-hidden=\"true\" class=\"wp-block-spacer\"><\/div>\n\n\n\n<div class=\"wp-block-buttons is-content-justification-center is-layout-flex wp-container-core-buttons-is-layout-a89b3969 wp-block-buttons-is-layout-flex\">\n<div class=\"wp-block-button is-style-outline is-style-outline--1\"><a class=\"wp-block-button__link has-text-align-center wp-element-button\" href=\"https:\/\/sport.ch\/swiss-ski\/1549669\/freude-ueber-die-ersten-weltcup-punkte-und-rasts-kampfansage-an-shiffrin\" target=\"_blank\" rel=\"noreferrer noopener\">Zum Artikel<\/a><\/div>\n<\/div>\n<\/div>\n\n\n\n<div class=\"wp-block-column is-layout-flow wp-block-column-is-layout-flow\">\n<figure class=\"wp-block-image size-full\"><img fetchpriority=\"high\" decoding=\"async\" width=\"2560\" height=\"1440\" src=\"https:\/\/anukbraendli.ch\/wp-content\/uploads\/2025\/12\/df6e6be6-afff-4425-b423-f9a5ccf2d025-scaled-1.jpg\" alt=\"\" class=\"wp-image-1085\" srcset=\"https:\/\/anukbraendli.ch\/wp-content\/uploads\/2025\/12\/df6e6be6-afff-4425-b423-f9a5ccf2d025-scaled-1.jpg 2560w, https:\/\/anukbraendli.ch\/wp-content\/uploads\/2025\/12\/df6e6be6-afff-4425-b423-f9a5ccf2d025-scaled-1-300x169.jpg 300w, https:\/\/anukbraendli.ch\/wp-content\/uploads\/2025\/12\/df6e6be6-afff-4425-b423-f9a5ccf2d025-scaled-1-1024x576.jpg 1024w, https:\/\/anukbraendli.ch\/wp-content\/uploads\/2025\/12\/df6e6be6-afff-4425-b423-f9a5ccf2d025-scaled-1-2000x1125.jpg 2000w\" sizes=\"(max-width: 2560px) 100vw, 2560px\" \/><figcaption class=\"wp-element-caption\">Bild: sport.ch<\/figcaption><\/figure>\n<\/div>\n<\/div>\n\n\n\n<div class=\"wp-block-columns is-layout-flex wp-container-core-columns-is-layout-28f84493 wp-block-columns-is-layout-flex\">\n<div class=\"wp-block-column is-layout-flow wp-block-column-is-layout-flow\">\n<figure class=\"wp-block-image size-large\"><img decoding=\"async\" width=\"1024\" height=\"768\" src=\"https:\/\/anukbraendli.ch\/wp-content\/uploads\/2025\/07\/016c8b-1024x768.webp\" alt=\"\" class=\"wp-image-1033\" srcset=\"https:\/\/anukbraendli.ch\/wp-content\/uploads\/2025\/07\/016c8b-1024x768.webp 1024w, https:\/\/anukbraendli.ch\/wp-content\/uploads\/2025\/07\/016c8b-300x225.webp 300w, https:\/\/anukbraendli.ch\/wp-content\/uploads\/2025\/07\/016c8b.webp 1280w\" sizes=\"(max-width: 1024px) 100vw, 1024px\" \/><figcaption class=\"wp-element-caption\">Bild: SRF<\/figcaption><\/figure>\n<\/div>\n\n\n\n<div class=\"wp-block-column is-layout-flow wp-block-column-is-layout-flow\">\n<div style=\"height:71px\" aria-hidden=\"true\" class=\"wp-block-spacer\"><\/div>\n\n\n\n<h2 class=\"wp-block-heading has-text-align-left\">\u00abBr\u00e4ndli holt ersten Sieg im Europacup\u00bb \u2013 SRF<\/h2>\n\n\n\n<div style=\"height:29px\" aria-hidden=\"true\" class=\"wp-block-spacer\"><\/div>\n\n\n\n<div class=\"wp-block-buttons is-content-justification-center is-layout-flex wp-container-core-buttons-is-layout-a89b3969 wp-block-buttons-is-layout-flex\">\n<div class=\"wp-block-button is-style-outline is-style-outline--2\"><a class=\"wp-block-button__link wp-element-button\" href=\"https:\/\/www.srf.ch\/sport\/ski-alpin\/news-aus-dem-skisport-braendli-holt-ersten-sieg-im-europacup\" target=\"_blank\" rel=\"noreferrer noopener\">Zum Artikel<\/a><\/div>\n<\/div>\n<\/div>\n<\/div>\n\n\n\n<div class=\"wp-block-columns is-layout-flex wp-container-core-columns-is-layout-28f84493 wp-block-columns-is-layout-flex\">\n<div class=\"wp-block-column is-layout-flow wp-block-column-is-layout-flow\">\n<div style=\"height:63px\" aria-hidden=\"true\" class=\"wp-block-spacer\"><\/div>\n\n\n\n<h2 class=\"wp-block-heading has-text-align-right\">\u00abAnuk Br\u00e4ndli darf zum dritten Mal im Weltcup ran\u00bb \u2013 Ski News<\/h2>\n\n\n\n<div style=\"height:30px\" aria-hidden=\"true\" class=\"wp-block-spacer\"><\/div>\n\n\n\n<div class=\"wp-block-buttons is-content-justification-center is-layout-flex wp-container-core-buttons-is-layout-a89b3969 wp-block-buttons-is-layout-flex\">\n<div class=\"wp-block-button is-style-outline is-style-outline--3\"><a class=\"wp-block-button__link wp-element-button\" href=\"https:\/\/www.skinews.ch\/news\/2024\/braendli-dritten-weltcup\/\" target=\"_blank\" rel=\"noreferrer noopener\">Zum Artikel<\/a><\/div>\n<\/div>\n<\/div>\n\n\n\n<div class=\"wp-block-column is-layout-flow wp-block-column-is-layout-flow\">\n<figure class=\"wp-block-image size-full\"><img decoding=\"async\" width=\"1000\" height=\"625\" src=\"https:\/\/anukbraendli.ch\/wp-content\/uploads\/2025\/07\/AnukBraendli_SL_GEPA-1000x625-1.jpg\" alt=\"\" class=\"wp-image-1034\" srcset=\"https:\/\/anukbraendli.ch\/wp-content\/uploads\/2025\/07\/AnukBraendli_SL_GEPA-1000x625-1.jpg 1000w, https:\/\/anukbraendli.ch\/wp-content\/uploads\/2025\/07\/AnukBraendli_SL_GEPA-1000x625-1-300x188.jpg 300w\" sizes=\"(max-width: 1000px) 100vw, 1000px\" \/><figcaption class=\"wp-element-caption\">Bild: GEPA pictures\/ Matic Klansek<\/figcaption><\/figure>\n<\/div>\n<\/div>\n\n\n\n<div class=\"wp-block-columns is-layout-flex wp-container-core-columns-is-layout-28f84493 wp-block-columns-is-layout-flex\">\n<div class=\"wp-block-column is-layout-flow wp-block-column-is-layout-flow\">\n<figure class=\"wp-block-image size-large\"><img loading=\"lazy\" decoding=\"async\" width=\"2560\" height=\"1440\" src=\"https:\/\/anukbraendli.ch\/wp-content\/uploads\/2025\/07\/IMG_1749-1-edited-scaled.jpg\" alt=\"\" class=\"wp-image-1038\" srcset=\"https:\/\/anukbraendli.ch\/wp-content\/uploads\/2025\/07\/IMG_1749-1-edited-scaled.jpg 2560w, https:\/\/anukbraendli.ch\/wp-content\/uploads\/2025\/07\/IMG_1749-1-edited-300x169.jpg 300w, https:\/\/anukbraendli.ch\/wp-content\/uploads\/2025\/07\/IMG_1749-1-edited-1024x576.jpg 1024w, https:\/\/anukbraendli.ch\/wp-content\/uploads\/2025\/07\/IMG_1749-1-edited-2000x1125.jpg 2000w\" sizes=\"(max-width: 2560px) 100vw, 2560px\" \/><\/figure>\n<\/div>\n\n\n\n<div class=\"wp-block-column is-layout-flow wp-block-column-is-layout-flow\">\n<div style=\"height:41px\" aria-hidden=\"true\" class=\"wp-block-spacer\"><\/div>\n\n\n\n<h2 class=\"wp-block-heading has-text-align-left\">\u00abBr\u00e4ndli erstmals auf Europacup Podest\u00bb \u2013 Swissski<\/h2>\n\n\n\n<div style=\"height:29px\" aria-hidden=\"true\" class=\"wp-block-spacer\"><\/div>\n\n\n\n<div class=\"wp-block-buttons is-content-justification-center is-layout-flex wp-container-core-buttons-is-layout-a89b3969 wp-block-buttons-is-layout-flex\">\n<div class=\"wp-block-button is-style-outline is-style-outline--4\"><a class=\"wp-block-button__link wp-element-button\" href=\"https:\/\/www.swiss-ski.ch\/ski-alpin\/news\/news\/braendli-erstmals-auf-europacup-podest\" target=\"_blank\" rel=\"noreferrer noopener\">Zum Artikel<\/a><\/div>\n<\/div>\n<\/div>\n<\/div>\n\n\n\n<div class=\"wp-block-columns is-layout-flex wp-container-core-columns-is-layout-28f84493 wp-block-columns-is-layout-flex\">\n<div class=\"wp-block-column is-layout-flow wp-block-column-is-layout-flow\">\n<div style=\"height:63px\" aria-hidden=\"true\" class=\"wp-block-spacer\"><\/div>\n\n\n\n<h2 class=\"wp-block-heading has-text-align-center\">\u00abEs heisst Abtreten f\u00fcr die Weltmeisterinnen und Zukunftshoffnungen\u00bb \u2013 sport.ch<\/h2>\n\n\n\n<div style=\"height:30px\" aria-hidden=\"true\" class=\"wp-block-spacer\"><\/div>\n\n\n\n<div class=\"wp-block-buttons is-content-justification-center is-layout-flex wp-container-core-buttons-is-layout-a89b3969 wp-block-buttons-is-layout-flex\">\n<div class=\"wp-block-button is-style-outline is-style-outline--5\"><a class=\"wp-block-button__link wp-element-button\" href=\"https:\/\/sport.ch\/swiss-ski\/1332246\/es-heisst-abtreten-fuer-die-weltmeisterinnen-und-zukunftshoffnungen\" target=\"_blank\" rel=\"noreferrer noopener\">Zum Artikel<\/a><\/div>\n<\/div>\n<\/div>\n\n\n\n<div class=\"wp-block-column is-layout-flow wp-block-column-is-layout-flow\">\n<figure class=\"wp-block-image size-large\"><img loading=\"lazy\" decoding=\"async\" width=\"1024\" height=\"814\" src=\"https:\/\/anukbraendli.ch\/wp-content\/uploads\/2024\/10\/306A975D-97E4-4419-B246-6152918B64FF-1024x814.jpg\" alt=\"\" class=\"wp-image-683\" srcset=\"https:\/\/anukbraendli.ch\/wp-content\/uploads\/2024\/10\/306A975D-97E4-4419-B246-6152918B64FF-1024x814.jpg 1024w, https:\/\/anukbraendli.ch\/wp-content\/uploads\/2024\/10\/306A975D-97E4-4419-B246-6152918B64FF-300x239.jpg 300w, https:\/\/anukbraendli.ch\/wp-content\/uploads\/2024\/10\/306A975D-97E4-4419-B246-6152918B64FF-2000x1590.jpg 2000w\" sizes=\"(max-width: 1024px) 100vw, 1024px\" \/><figcaption class=\"wp-element-caption\">Bild: Sport.ch<\/figcaption><\/figure>\n<\/div>\n<\/div>\n\n\n\n<div class=\"wp-block-columns is-layout-flex wp-container-core-columns-is-layout-28f84493 wp-block-columns-is-layout-flex\">\n<div class=\"wp-block-column is-layout-flow wp-block-column-is-layout-flow\">\n<div class=\"wp-block-columns is-layout-flex wp-container-core-columns-is-layout-28f84493 wp-block-columns-is-layout-flex\">\n<div class=\"wp-block-column is-layout-flow wp-block-column-is-layout-flow\">\n<figure class=\"wp-block-image size-full\"><img loading=\"lazy\" decoding=\"async\" width=\"814\" height=\"459\" src=\"https:\/\/anukbraendli.ch\/wp-content\/uploads\/2025\/07\/mai1396_0.jpg\" alt=\"\" class=\"wp-image-1035\" srcset=\"https:\/\/anukbraendli.ch\/wp-content\/uploads\/2025\/07\/mai1396_0.jpg 814w, https:\/\/anukbraendli.ch\/wp-content\/uploads\/2025\/07\/mai1396_0-300x169.jpg 300w\" sizes=\"(max-width: 814px) 100vw, 814px\" \/><figcaption class=\"wp-element-caption\">Bild: Livia Mauerhofet<\/figcaption><\/figure>\n<\/div>\n\n\n\n<div class=\"wp-block-column is-layout-flow wp-block-column-is-layout-flow\">\n<div style=\"height:25px\" aria-hidden=\"true\" class=\"wp-block-spacer\"><\/div>\n\n\n\n<h2 class=\"wp-block-heading has-text-align-center\">\u00abAnuk Br\u00e4ndli jubelt doppelt: \u00abSch\u00f6n wenn das Geburtstagsfest schon organisiert ist\u00bb &#8211; S\u00fcdostschweiz<\/h2>\n\n\n\n<div style=\"height:29px\" aria-hidden=\"true\" class=\"wp-block-spacer\"><\/div>\n\n\n\n<div class=\"wp-block-buttons is-content-justification-center is-layout-flex wp-container-core-buttons-is-layout-a89b3969 wp-block-buttons-is-layout-flex\">\n<div class=\"wp-block-button is-style-outline is-style-outline--6\"><a class=\"wp-block-button__link wp-element-button\" href=\"https:\/\/www.suedostschweiz.ch\/regionalsport\/stimmen-der-siegerinnen-und-sieger-anuk-braendli-jubelt-doppelt-schoen-wenn-das-geburtstagsfest-schon-organisiert-ist\" target=\"_blank\" rel=\"noreferrer noopener\">Zum Artikel<\/a><\/div>\n<\/div>\n<\/div>\n<\/div>\n<\/div>\n<\/div>\n\n\n\n<div class=\"wp-block-columns is-layout-flex wp-container-core-columns-is-layout-28f84493 wp-block-columns-is-layout-flex\">\n<div class=\"wp-block-column is-layout-flow wp-block-column-is-layout-flow\">\n<div style=\"height:63px\" aria-hidden=\"true\" class=\"wp-block-spacer\"><\/div>\n\n\n\n<h2 class=\"wp-block-heading has-text-align-center\">\u00abIch tr\u00e4ume vom Gr\u00f6ssten\u00bb &#8211; Radio S\u00fcdostschweiz<\/h2>\n\n\n\n<div style=\"height:30px\" aria-hidden=\"true\" class=\"wp-block-spacer\"><\/div>\n\n\n\n<div class=\"wp-block-buttons is-content-justification-center is-layout-flex wp-container-core-buttons-is-layout-a89b3969 wp-block-buttons-is-layout-flex\">\n<div class=\"wp-block-button is-style-outline is-style-outline--7\"><a class=\"wp-block-button__link wp-element-button\" href=\"http:\/\/8.\t\u00abIch tr\u00e4ume vom Gr\u00f6ssten\u00bb - Radio S\u00fcdostschweiz https:\/\/www.suedostschweiz.ch\/sendungen\/rso-im-gsproech\/anuk-braendli-ich-traeume-vom-groessten-24-04-24\" target=\"_blank\" rel=\"noreferrer noopener\">Zum Artikel<\/a><\/div>\n<\/div>\n<\/div>\n\n\n\n<div class=\"wp-block-column is-layout-flow wp-block-column-is-layout-flow\">\n<figure class=\"wp-block-image size-large\"><img loading=\"lazy\" decoding=\"async\" width=\"1024\" height=\"684\" src=\"https:\/\/anukbraendli.ch\/wp-content\/uploads\/2025\/07\/DSC00825-1024x684.jpg\" alt=\"\" class=\"wp-image-977\" srcset=\"https:\/\/anukbraendli.ch\/wp-content\/uploads\/2025\/07\/DSC00825-1024x684.jpg 1024w, https:\/\/anukbraendli.ch\/wp-content\/uploads\/2025\/07\/DSC00825-300x200.jpg 300w, https:\/\/anukbraendli.ch\/wp-content\/uploads\/2025\/07\/DSC00825.jpg 1616w\" sizes=\"(max-width: 1024px) 100vw, 1024px\" \/><figcaption class=\"wp-element-caption\">Bild:Suedostschweiz.ch<\/figcaption><\/figure>\n<\/div>\n<\/div>\n\n\n\n<div class=\"wp-block-columns is-layout-flex wp-container-core-columns-is-layout-28f84493 wp-block-columns-is-layout-flex\">\n<div class=\"wp-block-column is-layout-flow wp-block-column-is-layout-flow\">\n<figure class=\"wp-block-image size-large\"><img loading=\"lazy\" decoding=\"async\" width=\"1024\" height=\"614\" src=\"https:\/\/anukbraendli.ch\/wp-content\/uploads\/2025\/06\/cropped-ddbb6254-3378-482a-a045-394ac5d4e816-scaled-1-1024x614.jpg\" alt=\"\" class=\"wp-image-948\" srcset=\"https:\/\/anukbraendli.ch\/wp-content\/uploads\/2025\/06\/cropped-ddbb6254-3378-482a-a045-394ac5d4e816-scaled-1-1024x614.jpg 1024w, https:\/\/anukbraendli.ch\/wp-content\/uploads\/2025\/06\/cropped-ddbb6254-3378-482a-a045-394ac5d4e816-scaled-1-300x180.jpg 300w, https:\/\/anukbraendli.ch\/wp-content\/uploads\/2025\/06\/cropped-ddbb6254-3378-482a-a045-394ac5d4e816-scaled-1.jpg 2000w\" sizes=\"(max-width: 1024px) 100vw, 1024px\" \/><\/figure>\n<\/div>\n\n\n\n<div class=\"wp-block-column is-layout-flow wp-block-column-is-layout-flow\">\n<div style=\"height:43px\" aria-hidden=\"true\" class=\"wp-block-spacer\"><\/div>\n\n\n\n<h2 class=\"wp-block-heading has-text-align-center\">\u00abKann nur gewinnen\u00bb &#8211; Interview SRF<\/h2>\n\n\n\n<div style=\"height:29px\" aria-hidden=\"true\" class=\"wp-block-spacer\"><\/div>\n\n\n\n<div class=\"wp-block-buttons is-content-justification-center is-layout-flex wp-container-core-buttons-is-layout-a89b3969 wp-block-buttons-is-layout-flex\">\n<div class=\"wp-block-button is-style-outline is-style-outline--8\"><a class=\"wp-block-button__link wp-element-button\" href=\"https:\/\/www.srf.ch\/play\/tv\/sport-clip\/video\/braendli-kann-nur-gewinnen?urn=urn:srf:video:ffd20dbc-4931-4c46-b5b3-abccc329b862\" target=\"_blank\" rel=\"noreferrer noopener\">Zum Artikel<\/a><\/div>\n<\/div>\n<\/div>\n<\/div>\n\n\n\n<div class=\"wp-block-columns is-layout-flex wp-container-core-columns-is-layout-28f84493 wp-block-columns-is-layout-flex\">\n<div class=\"wp-block-column is-layout-flow wp-block-column-is-layout-flow\">\n<div style=\"height:63px\" aria-hidden=\"true\" class=\"wp-block-spacer\"><\/div>\n\n\n\n<h2 class=\"wp-block-heading has-text-align-center\">\u00abSilber im Slalom: Br\u00e4ndli sorgt f\u00fcr n\u00e4chste Schweizer Medaille\u00bb \u2013 SRF<\/h2>\n\n\n\n<div style=\"height:30px\" aria-hidden=\"true\" class=\"wp-block-spacer\"><\/div>\n\n\n\n<div class=\"wp-block-buttons is-content-justification-center is-layout-flex wp-container-core-buttons-is-layout-a89b3969 wp-block-buttons-is-layout-flex\">\n<div class=\"wp-block-button is-style-outline is-style-outline--9\"><a class=\"wp-block-button__link wp-element-button\" href=\"https:\/\/www.srf.ch\/sport\/ski-alpin\/ski-alpin-allgemein\/junioren-wm-in-frankreich-silber-im-slalom-braendli-sorgt-fuer-naechste-schweizer-medaille\">Zum Artikel<\/a><\/div>\n<\/div>\n<\/div>\n\n\n\n<div class=\"wp-block-column is-layout-flow wp-block-column-is-layout-flow\">\n<figure class=\"wp-block-image size-large\"><img loading=\"lazy\" decoding=\"async\" width=\"1024\" height=\"718\" src=\"https:\/\/anukbraendli.ch\/wp-content\/uploads\/2024\/02\/csm_20230325_braendli_1680x750_de320fe19e-e1706814757857-1024x718.jpg\" alt=\"\" class=\"wp-image-485\" srcset=\"https:\/\/anukbraendli.ch\/wp-content\/uploads\/2024\/02\/csm_20230325_braendli_1680x750_de320fe19e-e1706814757857-1024x718.jpg 1024w, https:\/\/anukbraendli.ch\/wp-content\/uploads\/2024\/02\/csm_20230325_braendli_1680x750_de320fe19e-e1706814757857-300x210.jpg 300w, https:\/\/anukbraendli.ch\/wp-content\/uploads\/2024\/02\/csm_20230325_braendli_1680x750_de320fe19e-e1706814757857-768x538.jpg 768w, https:\/\/anukbraendli.ch\/wp-content\/uploads\/2024\/02\/csm_20230325_braendli_1680x750_de320fe19e-e1706814757857.jpg 1066w\" sizes=\"(max-width: 1024px) 100vw, 1024px\" \/><figcaption class=\"wp-element-caption\">Bild: Alexis Biochard\/Zoom<\/figcaption><\/figure>\n<\/div>\n<\/div>\n\n\n\n<div class=\"wp-block-columns is-layout-flex wp-container-core-columns-is-layout-28f84493 wp-block-columns-is-layout-flex\">\n<div class=\"wp-block-column is-layout-flow wp-block-column-is-layout-flow\">\n<figure class=\"wp-block-image size-full\"><img loading=\"lazy\" decoding=\"async\" width=\"652\" height=\"520\" src=\"https:\/\/anukbraendli.ch\/wp-content\/uploads\/2024\/02\/08-junioren-wm-2024-siegerbild-Team-kombination-frauen-swiss-ski-e1706812528431.jpg\" alt=\"\" class=\"wp-image-478\" srcset=\"https:\/\/anukbraendli.ch\/wp-content\/uploads\/2024\/02\/08-junioren-wm-2024-siegerbild-Team-kombination-frauen-swiss-ski-e1706812528431.jpg 652w, https:\/\/anukbraendli.ch\/wp-content\/uploads\/2024\/02\/08-junioren-wm-2024-siegerbild-Team-kombination-frauen-swiss-ski-e1706812528431-300x239.jpg 300w\" sizes=\"(max-width: 652px) 100vw, 652px\" \/><\/figure>\n<\/div>\n\n\n\n<div class=\"wp-block-column is-layout-flow wp-block-column-is-layout-flow\">\n<div style=\"height:59px\" aria-hidden=\"true\" class=\"wp-block-spacer\"><\/div>\n\n\n\n<h2 class=\"wp-block-heading has-text-align-center\">\u00abTeam-Kombination: Blanc und Br\u00e4ndli sichern sich Gold an der Junioren Weltmeistschaft\u00bb \u2013 Swissski<\/h2>\n\n\n\n<div style=\"height:29px\" aria-hidden=\"true\" class=\"wp-block-spacer\"><\/div>\n\n\n\n<div class=\"wp-block-buttons is-content-justification-center is-layout-flex wp-container-core-buttons-is-layout-a89b3969 wp-block-buttons-is-layout-flex\">\n<div class=\"wp-block-button is-style-outline is-style-outline--10\"><a class=\"wp-block-button__link wp-element-button\" href=\"https:\/\/www.swiss-ski.ch\/ski-alpin\/news\/news\/team-kombination-blanc-und-braendli-sichern-sich-gold-grob-und-maechler-bronze\">Zum Artikel<\/a><\/div>\n<\/div>\n<\/div>\n<\/div>\n\n\n\n<div class=\"wp-block-columns is-layout-flex wp-container-core-columns-is-layout-28f84493 wp-block-columns-is-layout-flex\">\n<div class=\"wp-block-column is-layout-flow wp-block-column-is-layout-flow\">\n<div style=\"height:63px\" aria-hidden=\"true\" class=\"wp-block-spacer\"><\/div>\n\n\n\n<h2 class=\"wp-block-heading has-text-align-center\">\u00abAnuk Br\u00e4ndli f\u00fcr das Nachtrennen in Flachau aufgeboten\u00bb \u2013 Ski News<\/h2>\n\n\n\n<div style=\"height:30px\" aria-hidden=\"true\" class=\"wp-block-spacer\"><\/div>\n\n\n\n<div class=\"wp-block-buttons is-content-justification-center is-layout-flex wp-container-core-buttons-is-layout-a89b3969 wp-block-buttons-is-layout-flex\">\n<div class=\"wp-block-button is-style-outline is-style-outline--11\"><a class=\"wp-block-button__link wp-element-button\" href=\"https:\/\/www.skiews.ch\/news\/2024\/braendlich-nachtrennen-aufgeboten\/\">Zum Artikel<\/a><\/div>\n<\/div>\n<\/div>\n\n\n\n<div class=\"wp-block-column is-layout-flow wp-block-column-is-layout-flow\">\n<figure class=\"wp-block-image size-full\"><img loading=\"lazy\" decoding=\"async\" width=\"902\" height=\"600\" src=\"https:\/\/anukbraendli.ch\/wp-content\/uploads\/2024\/01\/ski-weltcup-slalom-flachau-2023-ergebnisse_n4854599-79814-1_l.png\" alt=\"\" class=\"wp-image-375\" srcset=\"https:\/\/anukbraendli.ch\/wp-content\/uploads\/2024\/01\/ski-weltcup-slalom-flachau-2023-ergebnisse_n4854599-79814-1_l.png 902w, https:\/\/anukbraendli.ch\/wp-content\/uploads\/2024\/01\/ski-weltcup-slalom-flachau-2023-ergebnisse_n4854599-79814-1_l-300x200.png 300w\" sizes=\"(max-width: 902px) 100vw, 902px\" \/><figcaption class=\"wp-element-caption\">Bild: Alexis Biochard\/Zoom<\/figcaption><\/figure>\n<\/div>\n<\/div>\n\n\n\n<div class=\"wp-block-columns is-layout-flex wp-container-core-columns-is-layout-28f84493 wp-block-columns-is-layout-flex\">\n<div class=\"wp-block-column is-layout-flow wp-block-column-is-layout-flow\">\n<figure class=\"wp-block-image size-full\"><img loading=\"lazy\" decoding=\"async\" width=\"814\" height=\"459\" src=\"https:\/\/anukbraendli.ch\/wp-content\/uploads\/2025\/07\/mai_9160_3.jpg.webp\" alt=\"\" class=\"wp-image-1036\" srcset=\"https:\/\/anukbraendli.ch\/wp-content\/uploads\/2025\/07\/mai_9160_3.jpg.webp 814w, https:\/\/anukbraendli.ch\/wp-content\/uploads\/2025\/07\/mai_9160_3.jpg-300x169.webp 300w\" sizes=\"(max-width: 814px) 100vw, 814px\" \/><figcaption class=\"wp-element-caption\">Bild: Suedostschweiz.ch<\/figcaption><\/figure>\n<\/div>\n\n\n\n<div class=\"wp-block-column is-layout-flow wp-block-column-is-layout-flow\">\n<div style=\"height:34px\" aria-hidden=\"true\" class=\"wp-block-spacer\"><\/div>\n\n\n\n<h2 class=\"wp-block-heading has-text-align-center\">\u00abTrotz Schweizer Meistertitel: Skirennfahrerin Br\u00e4ndli l\u00e4uft noch unter dem Radar\u00bb \u2013 S\u00fcdostschweiz<\/h2>\n\n\n\n<div style=\"height:29px\" aria-hidden=\"true\" class=\"wp-block-spacer\"><\/div>\n\n\n\n<div class=\"wp-block-buttons is-content-justification-center is-layout-flex wp-container-core-buttons-is-layout-a89b3969 wp-block-buttons-is-layout-flex\">\n<div class=\"wp-block-button is-style-outline is-style-outline--12\"><a class=\"wp-block-button__link wp-element-button\" href=\"https:\/\/www.suedostschweiz.ch\/sport\/ski-alpin\/ski-alpin-trotz-schweizer-meistertitel-skirennfahrerin-braendli-laeuft-noch-unter-dem-radar\">Zum Artikel<\/a><\/div>\n<\/div>\n<\/div>\n<\/div>\n\n\n\n<div class=\"wp-block-columns is-layout-flex wp-container-core-columns-is-layout-28f84493 wp-block-columns-is-layout-flex\">\n<div class=\"wp-block-column is-layout-flow wp-block-column-is-layout-flow\">\n<div style=\"height:38px\" aria-hidden=\"true\" class=\"wp-block-spacer\"><\/div>\n\n\n\n<h2 class=\"wp-block-heading has-text-align-center\">\u00abRiesen \u00dcberraschung im Slalom \u2013 Anuk Br\u00e4ndli wird Schweizermeisterin\u00bb &#8211; Blick<\/h2>\n\n\n\n<div style=\"height:30px\" aria-hidden=\"true\" class=\"wp-block-spacer\"><\/div>\n\n\n\n<div class=\"wp-block-buttons is-content-justification-center is-layout-flex wp-container-core-buttons-is-layout-a89b3969 wp-block-buttons-is-layout-flex\">\n<div class=\"wp-block-button is-style-outline is-style-outline--13\"><a class=\"wp-block-button__link wp-element-button\" href=\"https:\/\/www.blick.ch\/sport\/ski\/sm-slalom-live-auf-blick-tv-schnappt-sich-holdener-den-nationalen-titel-id18431951.html\">Zum Artikel<\/a><\/div>\n<\/div>\n<\/div>\n\n\n\n<div class=\"wp-block-column is-layout-flow wp-block-column-is-layout-flow\">\n<figure class=\"wp-block-image size-large\"><img loading=\"lazy\" decoding=\"async\" width=\"1024\" height=\"614\" src=\"https:\/\/anukbraendli.ch\/wp-content\/uploads\/2025\/01\/anukbraednli-1024x614.jpg\" alt=\"\" class=\"wp-image-907\" srcset=\"https:\/\/anukbraendli.ch\/wp-content\/uploads\/2025\/01\/anukbraednli-1024x614.jpg 1024w, https:\/\/anukbraendli.ch\/wp-content\/uploads\/2025\/01\/anukbraednli-300x180.jpg 300w, https:\/\/anukbraendli.ch\/wp-content\/uploads\/2025\/01\/anukbraednli.jpg 1280w\" sizes=\"(max-width: 1024px) 100vw, 1024px\" \/><\/figure>\n<\/div>\n<\/div>\n\n\n\n<div class=\"wp-block-columns is-layout-flex wp-container-core-columns-is-layout-28f84493 wp-block-columns-is-layout-flex\">\n<div class=\"wp-block-column is-layout-flow wp-block-column-is-layout-flow\">\n<figure class=\"wp-block-image size-large\"><img loading=\"lazy\" decoding=\"async\" width=\"1024\" height=\"576\" src=\"https:\/\/anukbraendli.ch\/wp-content\/uploads\/2025\/07\/h945c-1024x576.webp\" alt=\"\" class=\"wp-image-1037\" srcset=\"https:\/\/anukbraendli.ch\/wp-content\/uploads\/2025\/07\/h945c-1024x576.webp 1024w, https:\/\/anukbraendli.ch\/wp-content\/uploads\/2025\/07\/h945c-300x169.webp 300w, https:\/\/anukbraendli.ch\/wp-content\/uploads\/2025\/07\/h945c.webp 1680w\" sizes=\"(max-width: 1024px) 100vw, 1024px\" \/><figcaption class=\"wp-element-caption\">Bild: Swissski<\/figcaption><\/figure>\n<\/div>\n\n\n\n<div class=\"wp-block-column is-layout-flow wp-block-column-is-layout-flow\">\n<div style=\"height:56px\" aria-hidden=\"true\" class=\"wp-block-spacer\"><\/div>\n\n\n\n<h2 class=\"wp-block-heading has-text-align-center\">\u00abAnuk Br\u00e4ndli verteidigt ihren U21-Schweizermeistertitel\u00bb &#8211; Swissski<\/h2>\n\n\n\n<div style=\"height:29px\" aria-hidden=\"true\" class=\"wp-block-spacer\"><\/div>\n\n\n\n<div class=\"wp-block-buttons is-content-justification-center is-layout-flex wp-container-core-buttons-is-layout-a89b3969 wp-block-buttons-is-layout-flex\">\n<div class=\"wp-block-button is-style-outline is-style-outline--14\"><a class=\"wp-block-button__link wp-element-button\" href=\"https:\/\/www.swiss-ski.ch\/ski-alpin\/news\/news\/elyssa-kuster-und-anuk-braendli-sind-erneut-schweizer-junioren-meisterinnen-im-slalom\">Zum Artikel<\/a><\/div>\n<\/div>\n<\/div>\n<\/div>\n\n\n\n<p><\/p>\n","protected":false},"excerpt":{"rendered":"<p>\u00abFreude \u00fcber die ersten Weltcup-Punkte und Rasts Kampfansage an Shiffrin\u00bb &#8211; Sport.ch \u00abBr\u00e4ndli holt ersten Sieg im Europacup\u00bb \u2013 SRF \u00abAnuk Br\u00e4ndli darf zum dritten Mal im Weltcup ran\u00bb \u2013 Ski News \u00abBr\u00e4ndli erstmals auf Europacup Podest\u00bb \u2013 Swissski \u00abEs heisst Abtreten f\u00fcr die Weltmeisterinnen und Zukunftshoffnungen\u00bb \u2013 sport.ch \u00abAnuk Br\u00e4ndli jubelt doppelt: \u00abSch\u00f6n wenn &hellip; <\/p>\n<p class=\"link-more\"><a href=\"https:\/\/anukbraendli.ch\/index.php\/medien-2\/\" class=\"more-link\">Mehr <span class=\"screen-reader-text\">\u00fcber &#8222;Medien&#8220; <\/span>Lesen<\/a><\/p>\n","protected":false},"author":1,"featured_media":0,"parent":0,"menu_order":0,"comment_status":"closed","ping_status":"closed","template":"","meta":{"inspiro_hide_title":false,"footnotes":""},"class_list":["post-981","page","type-page","status-publish","hentry"],"_links":{"self":[{"href":"https:\/\/anukbraendli.ch\/index.php\/wp-json\/wp\/v2\/pages\/981","targetHints":{"allow":["GET"]}}],"collection":[{"href":"https:\/\/anukbraendli.ch\/index.php\/wp-json\/wp\/v2\/pages"}],"about":[{"href":"https:\/\/anukbraendli.ch\/index.php\/wp-json\/wp\/v2\/types\/page"}],"author":[{"embeddable":true,"href":"https:\/\/anukbraendli.ch\/index.php\/wp-json\/wp\/v2\/users\/1"}],"replies":[{"embeddable":true,"href":"https:\/\/anukbraendli.ch\/index.php\/wp-json\/wp\/v2\/comments?post=981"}],"version-history":[{"count":26,"href":"https:\/\/anukbraendli.ch\/index.php\/wp-json\/wp\/v2\/pages\/981\/revisions"}],"predecessor-version":[{"id":1105,"href":"https:\/\/anukbraendli.ch\/index.php\/wp-json\/wp\/v2\/pages\/981\/revisions\/1105"}],"wp:attachment":[{"href":"https:\/\/anukbraendli.ch\/index.php\/wp-json\/wp\/v2\/media?parent=981"}],"curies":[{"name":"wp","href":"https:\/\/api.w.org\/{rel}","templated":true}]}}