{"id":9,"date":"2024-01-22T08:36:10","date_gmt":"2024-01-22T08:36:10","guid":{"rendered":"https:\/\/anukbraendli.ch\/?page_id=9"},"modified":"2025-10-20T06:44:50","modified_gmt":"2025-10-20T06:44:50","slug":"about","status":"publish","type":"page","link":"https:\/\/anukbraendli.ch\/index.php\/about\/","title":{"rendered":"\u00dcber mich"},"content":{"rendered":"\n<div class=\"wp-block-columns is-layout-flex wp-container-core-columns-is-layout-28f84493 wp-block-columns-is-layout-flex\">\n<div class=\"wp-block-column is-layout-flow wp-block-column-is-layout-flow\">\n<figure class=\"wp-block-image size-full has-custom-border\"><img fetchpriority=\"high\" decoding=\"async\" width=\"645\" height=\"772\" src=\"https:\/\/anukbraendli.ch\/wp-content\/uploads\/2025\/07\/Bild3.jpg\" alt=\"\" class=\"wp-image-1017\" style=\"border-style:none;border-width:0px;aspect-ratio:0.75;object-fit:cover\" srcset=\"https:\/\/anukbraendli.ch\/wp-content\/uploads\/2025\/07\/Bild3.jpg 645w, https:\/\/anukbraendli.ch\/wp-content\/uploads\/2025\/07\/Bild3-251x300.jpg 251w\" sizes=\"(max-width: 645px) 100vw, 645px\" \/><\/figure>\n<\/div>\n\n\n\n<div class=\"wp-block-column is-layout-flow wp-block-column-is-layout-flow\">\n<p class=\"has-text-align-left\" style=\"font-size:clamp(14px, 0.875rem + ((1vw - 3.2px) * 0.531), 20px);\">Seit meinem zweiten Lebensjahr stehe ich auf den Skiern. Aufgewachsen in einer sportbegeisterten Familie in Arosa, hatte ich das Gl\u00fcck, die Skipiste direkt vor der Haust\u00fcre zu haben. Schon fr\u00fch verbrachte ich unz\u00e4hlige Stunden auf dem Schnee \u2013 mit grosser Begeisterung und stetig wachsender Leidenschaft.<\/p>\n\n\n\n<p style=\"font-size:clamp(14px, 0.875rem + ((1vw - 3.2px) * 0.531), 20px);\">Skifahren wurde mehr als nur ein Hobby, es wurde zu meinem Lebensinhalt. Die Suche nach der perfekten Linie, die Dynamik der Kurve und der Geschwindigkeit fasziniert mich enorm und treibt mich t\u00e4glich an mein Bestes zu geben.<\/p>\n\n\n\n<p class=\"has-text-align-left\" style=\"font-size:clamp(14px, 0.875rem + ((1vw - 3.2px) * 0.531), 20px);\">Ich durchlief verschiedene Nachwuchskader und bin heute ein Teil des Swissski B-Kaders. In den letzten Jahren konnte ich meine Leidenschaft zum Beruf machen und arbeite seither Tag f\u00fcr Tag hart daran, mein volles Potenzial auszusch\u00f6pfen und der Weltspitze des Alpinen Skirennsports n\u00e4herzukommen.<\/p>\n<\/div>\n<\/div>\n\n\n\n<div class=\"wp-block-columns is-layout-flex wp-container-core-columns-is-layout-28f84493 wp-block-columns-is-layout-flex\">\n<div class=\"wp-block-column is-layout-flow wp-block-column-is-layout-flow\">\n<p id=\"E94\" style=\"font-size:clamp(14px, 0.875rem + ((1vw - 3.2px) * 0.531), 20px);\">Mein Traum sind Erfolge im Weltcup, bei Weltmeisterschaften und bei den Olympischen Spielen. Daf\u00fcr entwickle ich mich technisch, taktisch, mental und konditionell st\u00e4ndig weiter und wachse an jeder Herausforderung.<\/p>\n<\/div>\n<\/div>\n\n\n\n<div style=\"height:50px\" aria-hidden=\"true\" class=\"wp-block-spacer\"><\/div>\n\n\n\n<div class=\"wp-block-columns alignwide is-layout-flex wp-container-core-columns-is-layout-28f84493 wp-block-columns-is-layout-flex\">\n<div class=\"wp-block-column has-white-color has-text-color has-link-color wp-elements-811eff4fe79c6f33b6f66450a1f7337b is-layout-flow wp-block-column-is-layout-flow\">\n<div class=\"wp-block-cover has-custom-content-position is-position-bottom-right\" style=\"min-height:580px;aspect-ratio:unset;\"><img decoding=\"async\" width=\"454\" height=\"681\" class=\"wp-block-cover__image-background wp-image-747\" alt=\"\" src=\"https:\/\/anukbraendli.ch\/wp-content\/uploads\/2024\/10\/hfj.jpg\" data-object-fit=\"cover\" srcset=\"https:\/\/anukbraendli.ch\/wp-content\/uploads\/2024\/10\/hfj.jpg 454w, https:\/\/anukbraendli.ch\/wp-content\/uploads\/2024\/10\/hfj-200x300.jpg 200w\" sizes=\"(max-width: 454px) 100vw, 454px\" \/><span aria-hidden=\"true\" class=\"wp-block-cover__background has-background-dim-40 has-background-dim\"><\/span><div class=\"wp-block-cover__inner-container is-layout-flow wp-block-cover-is-layout-flow\">\n<p class=\"has-text-align-right has-large-font-size\">Spitzensport Soldatin<\/p>\n<\/div><\/div>\n\n\n\n<p class=\"has-text-align-left has-lightgrey-color has-text-color has-link-color has-medium-font-size wp-elements-e36a59393942350c00acd1deecea97ae\">Im Fr\u00fchjahr 2024 absolvierte ich die Spitzensport Rekrutenschule in Magglingen \u2013 eine Erfahrung, die mich pers\u00f6nlich wie auch sportliche weitergebracht hat. Seither bin ich als Sportsoldatin Teil der Schweizer Armee und profitiere von der Sportf\u00f6rderung, die mich bei meiner sportlichen Weiterentwicklung unterst\u00fctzt.<\/p>\n<\/div>\n\n\n\n<div class=\"wp-block-column has-white-color has-text-color has-link-color wp-elements-2e5e52f43009ea4cbec6fbf3a0e6509d is-layout-flow wp-block-column-is-layout-flow\">\n<div class=\"wp-block-cover has-custom-content-position is-position-bottom-right\" style=\"min-height:578px;aspect-ratio:unset;\"><img decoding=\"async\" width=\"683\" height=\"1024\" class=\"wp-block-cover__image-background wp-image-949 size-large\" alt=\"\" src=\"https:\/\/anukbraendli.ch\/wp-content\/uploads\/2025\/06\/Bild1-683x1024.jpg\" data-object-fit=\"cover\" srcset=\"https:\/\/anukbraendli.ch\/wp-content\/uploads\/2025\/06\/Bild1-683x1024.jpg 683w, https:\/\/anukbraendli.ch\/wp-content\/uploads\/2025\/06\/Bild1-200x300.jpg 200w, https:\/\/anukbraendli.ch\/wp-content\/uploads\/2025\/06\/Bild1-scaled.jpg 1708w\" sizes=\"(max-width: 683px) 100vw, 683px\" \/><span aria-hidden=\"true\" class=\"wp-block-cover__background has-background-dim-40 has-background-dim\" style=\"background-color:#616161\"><\/span><div class=\"wp-block-cover__inner-container is-layout-flow wp-block-cover-is-layout-flow\">\n<p class=\"has-text-align-center has-large-font-size\">Skifahrerin<\/p>\n<\/div><\/div>\n\n\n\n<p class=\"has-text-align-left has-lightgrey-color has-text-color has-link-color has-medium-font-size wp-elements-1085f86936925eec4ff51f84230a6f76\">Ob im Tiefschnee, auf Skitour oder auf der Rennpiste \u2013 Skifahren ist meine grosse Leidenschaft, welcher ich unz\u00e4hlige Stunden mit Begeisterung und Hingabe nachgehen kann. Die Verbindung aus Technik, Geschwindigkeit und Natur fasziniert mich immer wieder aufs Neue und macht mir enorm viel Spass.<\/p>\n<\/div>\n\n\n\n<div class=\"wp-block-column has-white-color has-text-color has-link-color wp-elements-60e3753f0045b170542b9a050418dcc6 is-layout-flow wp-block-column-is-layout-flow\">\n<div class=\"wp-block-cover has-custom-content-position is-position-bottom-right\" style=\"min-height:584px;aspect-ratio:unset;\"><img loading=\"lazy\" decoding=\"async\" width=\"303\" height=\"454\" class=\"wp-block-cover__image-background wp-image-749\" alt=\"\" src=\"https:\/\/anukbraendli.ch\/wp-content\/uploads\/2024\/10\/w23ew.jpg\" data-object-fit=\"cover\" srcset=\"https:\/\/anukbraendli.ch\/wp-content\/uploads\/2024\/10\/w23ew.jpg 303w, https:\/\/anukbraendli.ch\/wp-content\/uploads\/2024\/10\/w23ew-200x300.jpg 200w\" sizes=\"(max-width: 303px) 100vw, 303px\" \/><span aria-hidden=\"true\" class=\"wp-block-cover__background has-background-dim-40 has-background-dim\"><\/span><div class=\"wp-block-cover__inner-container is-layout-flow wp-block-cover-is-layout-flow\">\n<p class=\"has-text-align-center has-large-font-size\">Studentin<\/p>\n<\/div><\/div>\n\n\n\n<p class=\"has-text-align-left has-lightgrey-color has-text-color has-medium-font-size\">Neben meiner sportlichen Karriere gehe ich einem Bachelorstudium in Wirtschaft und Business nach. Die FernUni Schweiz erm\u00f6glicht es mir, Leistungssport und Ausbildung optimal zu kombinieren. Das Lernen bietet mir eine wertvolle Abwechslung zum Sport und ist eine Investition in meine berufliche Zukunft.<\/p>\n<\/div>\n<\/div>\n\n\n\n<div style=\"height:63px\" aria-hidden=\"true\" class=\"wp-block-spacer\"><\/div>\n\n\n\n<p class=\"has-white-color has-text-color has-link-color has-large-font-size wp-elements-e9dd73f49b846051ddf6cb1f42231a24\">Galerie<\/p>\n\n\n\n<hr class=\"wp-block-separator has-alpha-channel-opacity is-style-wide\"\/>\n\n\n\n<figure class=\"wp-block-gallery has-nested-images columns-default is-cropped wp-block-gallery-2 is-layout-flex wp-block-gallery-is-layout-flex\">\n<figure class=\"wp-block-image alignwide size-large\"><img loading=\"lazy\" decoding=\"async\" width=\"683\" height=\"1024\" data-id=\"951\" src=\"https:\/\/anukbraendli.ch\/wp-content\/uploads\/2025\/06\/IMG_0425-683x1024.jpg\" alt=\"\" class=\"wp-image-951\" srcset=\"https:\/\/anukbraendli.ch\/wp-content\/uploads\/2025\/06\/IMG_0425-683x1024.jpg 683w, https:\/\/anukbraendli.ch\/wp-content\/uploads\/2025\/06\/IMG_0425-200x300.jpg 200w, https:\/\/anukbraendli.ch\/wp-content\/uploads\/2025\/06\/IMG_0425.jpg 1365w\" sizes=\"(max-width: 683px) 100vw, 683px\" \/><\/figure>\n\n\n\n<figure class=\"wp-block-image size-large\"><img loading=\"lazy\" decoding=\"async\" width=\"768\" height=\"1024\" data-id=\"950\" src=\"https:\/\/anukbraendli.ch\/wp-content\/uploads\/2025\/06\/IMG_4943-768x1024.jpeg\" alt=\"\" class=\"wp-image-950\" srcset=\"https:\/\/anukbraendli.ch\/wp-content\/uploads\/2025\/06\/IMG_4943-768x1024.jpeg 768w, https:\/\/anukbraendli.ch\/wp-content\/uploads\/2025\/06\/IMG_4943-225x300.jpeg 225w, https:\/\/anukbraendli.ch\/wp-content\/uploads\/2025\/06\/IMG_4943-2000x2667.jpeg 2000w, https:\/\/anukbraendli.ch\/wp-content\/uploads\/2025\/06\/IMG_4943-scaled.jpeg 1920w\" sizes=\"(max-width: 768px) 100vw, 768px\" \/><\/figure>\n\n\n\n<figure class=\"wp-block-image size-large\"><img loading=\"lazy\" decoding=\"async\" width=\"768\" height=\"1024\" data-id=\"1020\" src=\"https:\/\/anukbraendli.ch\/wp-content\/uploads\/2025\/07\/IMG_9877-768x1024.jpeg\" alt=\"\" class=\"wp-image-1020\" srcset=\"https:\/\/anukbraendli.ch\/wp-content\/uploads\/2025\/07\/IMG_9877-768x1024.jpeg 768w, https:\/\/anukbraendli.ch\/wp-content\/uploads\/2025\/07\/IMG_9877-225x300.jpeg 225w, https:\/\/anukbraendli.ch\/wp-content\/uploads\/2025\/07\/IMG_9877.jpeg 960w\" sizes=\"(max-width: 768px) 100vw, 768px\" \/><\/figure>\n\n\n\n<figure class=\"wp-block-image size-large\"><img loading=\"lazy\" decoding=\"async\" width=\"1024\" height=\"683\" data-id=\"956\" src=\"https:\/\/anukbraendli.ch\/wp-content\/uploads\/2025\/06\/51098c96-f8d0-4ec2-9c1f-9a08b3424c9a-1024x683.jpg\" alt=\"\" class=\"wp-image-956\" srcset=\"https:\/\/anukbraendli.ch\/wp-content\/uploads\/2025\/06\/51098c96-f8d0-4ec2-9c1f-9a08b3424c9a-1024x683.jpg 1024w, https:\/\/anukbraendli.ch\/wp-content\/uploads\/2025\/06\/51098c96-f8d0-4ec2-9c1f-9a08b3424c9a-300x200.jpg 300w, https:\/\/anukbraendli.ch\/wp-content\/uploads\/2025\/06\/51098c96-f8d0-4ec2-9c1f-9a08b3424c9a-2000x1334.jpg 2000w, https:\/\/anukbraendli.ch\/wp-content\/uploads\/2025\/06\/51098c96-f8d0-4ec2-9c1f-9a08b3424c9a.jpg 2048w\" sizes=\"(max-width: 1024px) 100vw, 1024px\" \/><\/figure>\n\n\n\n<figure class=\"wp-block-image size-large\"><img loading=\"lazy\" decoding=\"async\" width=\"1024\" height=\"683\" data-id=\"961\" src=\"https:\/\/anukbraendli.ch\/wp-content\/uploads\/2025\/06\/IMG_4916-1024x683.jpg\" alt=\"\" class=\"wp-image-961\" srcset=\"https:\/\/anukbraendli.ch\/wp-content\/uploads\/2025\/06\/IMG_4916-1024x683.jpg 1024w, https:\/\/anukbraendli.ch\/wp-content\/uploads\/2025\/06\/IMG_4916-300x200.jpg 300w, https:\/\/anukbraendli.ch\/wp-content\/uploads\/2025\/06\/IMG_4916.jpg 1800w\" sizes=\"(max-width: 1024px) 100vw, 1024px\" \/><\/figure>\n\n\n\n<figure class=\"wp-block-image size-large\"><img loading=\"lazy\" decoding=\"async\" width=\"1024\" height=\"683\" data-id=\"957\" src=\"https:\/\/anukbraendli.ch\/wp-content\/uploads\/2025\/06\/IMG_3466-1024x683.jpg\" alt=\"\" class=\"wp-image-957\" srcset=\"https:\/\/anukbraendli.ch\/wp-content\/uploads\/2025\/06\/IMG_3466-1024x683.jpg 1024w, https:\/\/anukbraendli.ch\/wp-content\/uploads\/2025\/06\/IMG_3466-300x200.jpg 300w, https:\/\/anukbraendli.ch\/wp-content\/uploads\/2025\/06\/IMG_3466-2000x1333.jpg 2000w\" sizes=\"(max-width: 1024px) 100vw, 1024px\" \/><\/figure>\n\n\n\n<figure class=\"wp-block-image size-large\"><img loading=\"lazy\" decoding=\"async\" width=\"768\" height=\"1024\" data-id=\"1022\" src=\"https:\/\/anukbraendli.ch\/wp-content\/uploads\/2025\/07\/IMG_9861-768x1024.jpeg\" alt=\"\" class=\"wp-image-1022\" srcset=\"https:\/\/anukbraendli.ch\/wp-content\/uploads\/2025\/07\/IMG_9861-768x1024.jpeg 768w, https:\/\/anukbraendli.ch\/wp-content\/uploads\/2025\/07\/IMG_9861-225x300.jpeg 225w, https:\/\/anukbraendli.ch\/wp-content\/uploads\/2025\/07\/IMG_9861.jpeg 960w\" sizes=\"(max-width: 768px) 100vw, 768px\" \/><\/figure>\n\n\n\n<figure class=\"wp-block-image size-large\"><img loading=\"lazy\" decoding=\"async\" width=\"683\" height=\"1024\" data-id=\"953\" src=\"https:\/\/anukbraendli.ch\/wp-content\/uploads\/2025\/06\/Facetune_12-12-2024-22-26-19-683x1024.jpg\" alt=\"\" class=\"wp-image-953\" srcset=\"https:\/\/anukbraendli.ch\/wp-content\/uploads\/2025\/06\/Facetune_12-12-2024-22-26-19-683x1024.jpg 683w, https:\/\/anukbraendli.ch\/wp-content\/uploads\/2025\/06\/Facetune_12-12-2024-22-26-19-200x300.jpg 200w, https:\/\/anukbraendli.ch\/wp-content\/uploads\/2025\/06\/Facetune_12-12-2024-22-26-19.jpg 1365w\" sizes=\"(max-width: 683px) 100vw, 683px\" \/><\/figure>\n\n\n\n<figure class=\"wp-block-image size-large\"><img loading=\"lazy\" decoding=\"async\" width=\"768\" height=\"1024\" data-id=\"954\" src=\"https:\/\/anukbraendli.ch\/wp-content\/uploads\/2025\/06\/IMG_7174-768x1024.jpeg\" alt=\"\" class=\"wp-image-954\" srcset=\"https:\/\/anukbraendli.ch\/wp-content\/uploads\/2025\/06\/IMG_7174-768x1024.jpeg 768w, https:\/\/anukbraendli.ch\/wp-content\/uploads\/2025\/06\/IMG_7174-225x300.jpeg 225w, https:\/\/anukbraendli.ch\/wp-content\/uploads\/2025\/06\/IMG_7174-2000x2667.jpeg 2000w, https:\/\/anukbraendli.ch\/wp-content\/uploads\/2025\/06\/IMG_7174-scaled.jpeg 1920w\" sizes=\"(max-width: 768px) 100vw, 768px\" \/><\/figure>\n\n\n\n<figure class=\"wp-block-image size-large\"><img loading=\"lazy\" decoding=\"async\" width=\"683\" height=\"1024\" data-id=\"539\" src=\"https:\/\/anukbraendli.ch\/wp-content\/uploads\/2024\/03\/fis_alpinejunior24_slalomw_avoriaz\u00a9denis-angheben-_-portes-du-soleil-9-683x1024.jpg\" alt=\"\" class=\"wp-image-539\" srcset=\"https:\/\/anukbraendli.ch\/wp-content\/uploads\/2024\/03\/fis_alpinejunior24_slalomw_avoriaz\u00a9denis-angheben-_-portes-du-soleil-9-683x1024.jpg 683w, https:\/\/anukbraendli.ch\/wp-content\/uploads\/2024\/03\/fis_alpinejunior24_slalomw_avoriaz\u00a9denis-angheben-_-portes-du-soleil-9-200x300.jpg 200w, https:\/\/anukbraendli.ch\/wp-content\/uploads\/2024\/03\/fis_alpinejunior24_slalomw_avoriaz\u00a9denis-angheben-_-portes-du-soleil-9-2000x3000.jpg 2000w, https:\/\/anukbraendli.ch\/wp-content\/uploads\/2024\/03\/fis_alpinejunior24_slalomw_avoriaz\u00a9denis-angheben-_-portes-du-soleil-9-scaled.jpg 1707w\" sizes=\"(max-width: 683px) 100vw, 683px\" \/><\/figure>\n\n\n\n<figure class=\"wp-block-image size-large\"><img loading=\"lazy\" decoding=\"async\" width=\"768\" height=\"1024\" data-id=\"1021\" src=\"https:\/\/anukbraendli.ch\/wp-content\/uploads\/2025\/07\/IMG_9899-768x1024.jpeg\" alt=\"\" class=\"wp-image-1021\" srcset=\"https:\/\/anukbraendli.ch\/wp-content\/uploads\/2025\/07\/IMG_9899-768x1024.jpeg 768w, https:\/\/anukbraendli.ch\/wp-content\/uploads\/2025\/07\/IMG_9899-225x300.jpeg 225w, https:\/\/anukbraendli.ch\/wp-content\/uploads\/2025\/07\/IMG_9899-rotated.jpeg 960w\" sizes=\"(max-width: 768px) 100vw, 768px\" \/><\/figure>\n\n\n\n<figure class=\"wp-block-image size-large\"><img loading=\"lazy\" decoding=\"async\" width=\"576\" height=\"1024\" data-id=\"955\" src=\"https:\/\/anukbraendli.ch\/wp-content\/uploads\/2025\/06\/IMG_2831-576x1024.jpeg\" alt=\"\" class=\"wp-image-955\" srcset=\"https:\/\/anukbraendli.ch\/wp-content\/uploads\/2025\/06\/IMG_2831-576x1024.jpeg 576w, https:\/\/anukbraendli.ch\/wp-content\/uploads\/2025\/06\/IMG_2831-169x300.jpeg 169w, https:\/\/anukbraendli.ch\/wp-content\/uploads\/2025\/06\/IMG_2831-2000x3556.jpeg 2000w, https:\/\/anukbraendli.ch\/wp-content\/uploads\/2025\/06\/IMG_2831-scaled.jpeg 1440w\" sizes=\"(max-width: 576px) 100vw, 576px\" \/><\/figure>\n\n\n\n<figure class=\"wp-block-image size-large\"><img loading=\"lazy\" decoding=\"async\" width=\"1024\" height=\"1008\" data-id=\"960\" src=\"https:\/\/anukbraendli.ch\/wp-content\/uploads\/2025\/06\/IMG_0792-1024x1008.jpeg\" alt=\"\" class=\"wp-image-960\" srcset=\"https:\/\/anukbraendli.ch\/wp-content\/uploads\/2025\/06\/IMG_0792-1024x1008.jpeg 1024w, https:\/\/anukbraendli.ch\/wp-content\/uploads\/2025\/06\/IMG_0792-300x295.jpeg 300w, https:\/\/anukbraendli.ch\/wp-content\/uploads\/2025\/06\/IMG_0792.jpeg 1170w\" sizes=\"(max-width: 1024px) 100vw, 1024px\" \/><\/figure>\n\n\n\n<figure class=\"wp-block-image size-large wp-duotone-unset-1\"><img loading=\"lazy\" decoding=\"async\" width=\"683\" height=\"1024\" data-id=\"958\" src=\"https:\/\/anukbraendli.ch\/wp-content\/uploads\/2025\/06\/Facetune_02-12-2024-16-13-07-683x1024.jpg\" alt=\"\" class=\"wp-image-958\" srcset=\"https:\/\/anukbraendli.ch\/wp-content\/uploads\/2025\/06\/Facetune_02-12-2024-16-13-07-683x1024.jpg 683w, https:\/\/anukbraendli.ch\/wp-content\/uploads\/2025\/06\/Facetune_02-12-2024-16-13-07-200x300.jpg 200w, https:\/\/anukbraendli.ch\/wp-content\/uploads\/2025\/06\/Facetune_02-12-2024-16-13-07.jpg 1365w\" sizes=\"(max-width: 683px) 100vw, 683px\" \/><\/figure>\n\n\n\n<figure class=\"wp-block-image size-large\"><img loading=\"lazy\" decoding=\"async\" width=\"1022\" height=\"1024\" data-id=\"959\" src=\"https:\/\/anukbraendli.ch\/wp-content\/uploads\/2025\/06\/IMG_0777-1022x1024.jpeg\" alt=\"\" class=\"wp-image-959\" srcset=\"https:\/\/anukbraendli.ch\/wp-content\/uploads\/2025\/06\/IMG_0777-1022x1024.jpeg 1022w, https:\/\/anukbraendli.ch\/wp-content\/uploads\/2025\/06\/IMG_0777-300x300.jpeg 300w, https:\/\/anukbraendli.ch\/wp-content\/uploads\/2025\/06\/IMG_0777-150x150.jpeg 150w, https:\/\/anukbraendli.ch\/wp-content\/uploads\/2025\/06\/IMG_0777.jpeg 1170w\" sizes=\"(max-width: 1022px) 100vw, 1022px\" \/><\/figure>\n<\/figure>\n\n\n\n<div style=\"height:71px\" aria-hidden=\"true\" class=\"wp-block-spacer\"><\/div>\n\n\n\n<div style=\"height:31px\" aria-hidden=\"true\" class=\"wp-block-spacer\"><\/div>\n\n\n\n<p><\/p>\n","protected":false},"excerpt":{"rendered":"<p>Seit meinem zweiten Lebensjahr stehe ich auf den Skiern. Aufgewachsen in einer sportbegeisterten Familie in Arosa, hatte ich das Gl\u00fcck, die Skipiste direkt vor der Haust\u00fcre zu haben. Schon fr\u00fch verbrachte ich unz\u00e4hlige Stunden auf dem Schnee \u2013 mit grosser Begeisterung und stetig wachsender Leidenschaft. Skifahren wurde mehr als nur ein Hobby, es wurde zu &hellip; <\/p>\n<p class=\"link-more\"><a href=\"https:\/\/anukbraendli.ch\/index.php\/about\/\" class=\"more-link\">Mehr <span class=\"screen-reader-text\">\u00fcber &#8222;\u00dcber mich&#8220; <\/span>Lesen<\/a><\/p>\n","protected":false},"author":1,"featured_media":65,"parent":0,"menu_order":0,"comment_status":"closed","ping_status":"closed","template":"","meta":{"inspiro_hide_title":false,"footnotes":""},"class_list":["post-9","page","type-page","status-publish","has-post-thumbnail","hentry"],"_links":{"self":[{"href":"https:\/\/anukbraendli.ch\/index.php\/wp-json\/wp\/v2\/pages\/9","targetHints":{"allow":["GET"]}}],"collection":[{"href":"https:\/\/anukbraendli.ch\/index.php\/wp-json\/wp\/v2\/pages"}],"about":[{"href":"https:\/\/anukbraendli.ch\/index.php\/wp-json\/wp\/v2\/types\/page"}],"author":[{"embeddable":true,"href":"https:\/\/anukbraendli.ch\/index.php\/wp-json\/wp\/v2\/users\/1"}],"replies":[{"embeddable":true,"href":"https:\/\/anukbraendli.ch\/index.php\/wp-json\/wp\/v2\/comments?post=9"}],"version-history":[{"count":96,"href":"https:\/\/anukbraendli.ch\/index.php\/wp-json\/wp\/v2\/pages\/9\/revisions"}],"predecessor-version":[{"id":1069,"href":"https:\/\/anukbraendli.ch\/index.php\/wp-json\/wp\/v2\/pages\/9\/revisions\/1069"}],"wp:featuredmedia":[{"embeddable":true,"href":"https:\/\/anukbraendli.ch\/index.php\/wp-json\/wp\/v2\/media\/65"}],"wp:attachment":[{"href":"https:\/\/anukbraendli.ch\/index.php\/wp-json\/wp\/v2\/media?parent=9"}],"curies":[{"name":"wp","href":"https:\/\/api.w.org\/{rel}","templated":true}]}}