{"id":294,"date":"2024-01-25T10:16:19","date_gmt":"2024-01-25T10:16:19","guid":{"rendered":"https:\/\/anukbraendli.ch\/?page_id=294"},"modified":"2025-07-04T09:37:34","modified_gmt":"2025-07-04T09:37:34","slug":"sponsor-goenner-werden","status":"publish","type":"page","link":"https:\/\/anukbraendli.ch\/index.php\/sponsor-goenner-werden\/","title":{"rendered":"Sponsor werden"},"content":{"rendered":"\n<div class=\"wp-block-media-text is-stacked-on-mobile\"><figure class=\"wp-block-media-text__media\"><img fetchpriority=\"high\" decoding=\"async\" width=\"645\" height=\"772\" src=\"https:\/\/anukbraendli.ch\/wp-content\/uploads\/2025\/07\/Bild3.jpg\" alt=\"\" class=\"wp-image-1017 size-full\" srcset=\"https:\/\/anukbraendli.ch\/wp-content\/uploads\/2025\/07\/Bild3.jpg 645w, https:\/\/anukbraendli.ch\/wp-content\/uploads\/2025\/07\/Bild3-251x300.jpg 251w\" sizes=\"(max-width: 645px) 100vw, 645px\" \/><\/figure><div class=\"wp-block-media-text__content\">\n<p style=\"font-size:clamp(15.197px, 0.95rem + ((1vw - 3.2px) * 0.691), 23px);\">Danke, dass du dich f\u00fcr eine Partnerschaft mit mir interessierst. Ich bin \u00fcberzeugt, dass wir gemeinsam Grosses erreichen k\u00f6nnen. <\/p>\n\n\n\n<p style=\"font-size:clamp(15.197px, 0.95rem + ((1vw - 3.2px) * 0.691), 23px);\">Melde dich gerne hier direkt bei mir und ich komme zeitnah mit weiteren Informationen und spannenden M\u00f6glichkeiten auf dich zur\u00fcck.<\/p>\n<\/div><\/div>\n\n\n\n<div style=\"height:82px\" aria-hidden=\"true\" class=\"wp-block-spacer\"><\/div>\n\n\n\n<p class=\"has-text-align-center\" style=\"font-size:clamp(15.197px, 0.95rem + ((1vw - 3.2px) * 0.691), 23px);\"><strong>Der Skirennsport erfreut sich gro\u00dfer Beliebtheit und bietet spannende und faire Wettk\u00e4mpfe<br>national und international. Ein gro\u00dfartiges Umfeld f\u00fcr Partner, sich oder ihre<br>Marktleistungen zu pr\u00e4sentieren.<\/strong><\/p>\n\n\n\n<div style=\"height:39px\" aria-hidden=\"true\" class=\"wp-block-spacer\"><\/div>\n\n\n\n<div class=\"wp-block-contact-form-7-contact-form-selector\">\n<div class=\"wpcf7 no-js\" id=\"wpcf7-f299-o1\" lang=\"de-DE\" dir=\"ltr\" data-wpcf7-id=\"299\">\n<div class=\"screen-reader-response\"><p role=\"status\" aria-live=\"polite\" aria-atomic=\"true\"><\/p> <ul><\/ul><\/div>\n<form action=\"\/index.php\/wp-json\/wp\/v2\/pages\/294#wpcf7-f299-o1\" method=\"post\" class=\"wpcf7-form init\" aria-label=\"Kontaktformular\" novalidate=\"novalidate\" data-status=\"init\">\n<fieldset class=\"hidden-fields-container\"><input type=\"hidden\" name=\"_wpcf7\" value=\"299\" \/><input type=\"hidden\" name=\"_wpcf7_version\" value=\"6.1.5\" \/><input type=\"hidden\" name=\"_wpcf7_locale\" value=\"de_DE\" \/><input type=\"hidden\" name=\"_wpcf7_unit_tag\" value=\"wpcf7-f299-o1\" \/><input type=\"hidden\" name=\"_wpcf7_container_post\" value=\"0\" \/><input type=\"hidden\" name=\"_wpcf7_posted_data_hash\" value=\"\" \/>\n<\/fieldset>\n<p><label> Dein Name\/Firma<br \/>\n<span class=\"wpcf7-form-control-wrap\" data-name=\"your-name\"><input size=\"40\" maxlength=\"400\" class=\"wpcf7-form-control wpcf7-text wpcf7-validates-as-required\" autocomplete=\"name\" aria-required=\"true\" aria-invalid=\"false\" value=\"\" type=\"text\" name=\"your-name\" \/><\/span> <\/label>\n<\/p>\n<p><label> Deine E-Mail-Adresse<br \/>\n<span class=\"wpcf7-form-control-wrap\" data-name=\"your-email\"><input size=\"40\" maxlength=\"400\" class=\"wpcf7-form-control wpcf7-email wpcf7-validates-as-required wpcf7-text wpcf7-validates-as-email\" autocomplete=\"email\" aria-required=\"true\" aria-invalid=\"false\" value=\"\" type=\"email\" name=\"your-email\" \/><\/span> <\/label>\n<\/p>\n<p><label> Betreff<br \/>\n<span class=\"wpcf7-form-control-wrap\" data-name=\"your-subject\"><input size=\"40\" maxlength=\"400\" class=\"wpcf7-form-control wpcf7-text wpcf7-validates-as-required\" aria-required=\"true\" aria-invalid=\"false\" value=\"\" type=\"text\" name=\"your-subject\" \/><\/span> <\/label>\n<\/p>\n<p><label> Deine Nachricht (optional)<br \/>\n<span class=\"wpcf7-form-control-wrap\" data-name=\"your-message\"><textarea cols=\"40\" rows=\"10\" maxlength=\"2000\" class=\"wpcf7-form-control wpcf7-textarea\" aria-invalid=\"false\" name=\"your-message\"><\/textarea><\/span> <\/label>\n<\/p>\n<p><input class=\"wpcf7-form-control wpcf7-submit has-spinner\" type=\"submit\" value=\"Senden\" \/>\n<\/p><div class=\"wpcf7-response-output\" aria-hidden=\"true\"><\/div>\n<\/form>\n<\/div>\n<\/div>\n","protected":false},"excerpt":{"rendered":"<p>Danke, dass du dich f\u00fcr eine Partnerschaft mit mir interessierst. Ich bin \u00fcberzeugt, dass wir gemeinsam Grosses erreichen k\u00f6nnen. Melde dich gerne hier direkt bei mir und ich komme zeitnah mit weiteren Informationen und spannenden M\u00f6glichkeiten auf dich zur\u00fcck. Der Skirennsport erfreut sich gro\u00dfer Beliebtheit und bietet spannende und faire Wettk\u00e4mpfenational und international. Ein gro\u00dfartiges &hellip; <\/p>\n<p class=\"link-more\"><a href=\"https:\/\/anukbraendli.ch\/index.php\/sponsor-goenner-werden\/\" class=\"more-link\">Mehr <span class=\"screen-reader-text\">\u00fcber &#8222;Sponsor werden&#8220; <\/span>Lesen<\/a><\/p>\n","protected":false},"author":1,"featured_media":42,"parent":0,"menu_order":0,"comment_status":"closed","ping_status":"closed","template":"","meta":{"inspiro_hide_title":false,"footnotes":""},"class_list":["post-294","page","type-page","status-publish","has-post-thumbnail","hentry"],"_links":{"self":[{"href":"https:\/\/anukbraendli.ch\/index.php\/wp-json\/wp\/v2\/pages\/294","targetHints":{"allow":["GET"]}}],"collection":[{"href":"https:\/\/anukbraendli.ch\/index.php\/wp-json\/wp\/v2\/pages"}],"about":[{"href":"https:\/\/anukbraendli.ch\/index.php\/wp-json\/wp\/v2\/types\/page"}],"author":[{"embeddable":true,"href":"https:\/\/anukbraendli.ch\/index.php\/wp-json\/wp\/v2\/users\/1"}],"replies":[{"embeddable":true,"href":"https:\/\/anukbraendli.ch\/index.php\/wp-json\/wp\/v2\/comments?post=294"}],"version-history":[{"count":29,"href":"https:\/\/anukbraendli.ch\/index.php\/wp-json\/wp\/v2\/pages\/294\/revisions"}],"predecessor-version":[{"id":1029,"href":"https:\/\/anukbraendli.ch\/index.php\/wp-json\/wp\/v2\/pages\/294\/revisions\/1029"}],"wp:featuredmedia":[{"embeddable":true,"href":"https:\/\/anukbraendli.ch\/index.php\/wp-json\/wp\/v2\/media\/42"}],"wp:attachment":[{"href":"https:\/\/anukbraendli.ch\/index.php\/wp-json\/wp\/v2\/media?parent=294"}],"curies":[{"name":"wp","href":"https:\/\/api.w.org\/{rel}","templated":true}]}}