{"id":10,"date":"2024-01-22T08:36:10","date_gmt":"2024-01-22T08:36:10","guid":{"rendered":"https:\/\/anukbraendli.ch\/?page_id=10"},"modified":"2025-12-12T07:14:37","modified_gmt":"2025-12-12T07:14:37","slug":"contact-2","status":"publish","type":"page","link":"https:\/\/anukbraendli.ch\/index.php\/contact-2\/","title":{"rendered":"Sponsoren"},"content":{"rendered":"\n<p class=\"has-white-color has-text-color has-link-color wp-elements-d73044d754151d5ead569aaa9ebe1097\" style=\"font-size:clamp(15.197px, 0.95rem + ((1vw - 3.2px) * 0.691), 23px);\">Auf meinem Weg an die Weltspitze bin ich auf Sponsoren und Partner angewiesen, die an mich glauben, mich begleiten und mit mir gemeinsam \u00fcber sich hinauswachsen wollen.<\/p>\n\n\n\n<div style=\"height:62px\" aria-hidden=\"true\" class=\"wp-block-spacer\"><\/div>\n\n\n\n<div class=\"wp-block-cover is-light has-custom-content-position is-position-bottom-left\"><img fetchpriority=\"high\" decoding=\"async\" width=\"2560\" height=\"1709\" class=\"wp-block-cover__image-background wp-image-775\" alt=\"\" src=\"https:\/\/anukbraendli.ch\/wp-content\/uploads\/2024\/10\/ffdfd-scaled.jpg\" style=\"object-position:40% 20%\" data-object-fit=\"cover\" data-object-position=\"40% 20%\" srcset=\"https:\/\/anukbraendli.ch\/wp-content\/uploads\/2024\/10\/ffdfd-scaled.jpg 2560w, https:\/\/anukbraendli.ch\/wp-content\/uploads\/2024\/10\/ffdfd-300x200.jpg 300w, https:\/\/anukbraendli.ch\/wp-content\/uploads\/2024\/10\/ffdfd-1024x684.jpg 1024w, https:\/\/anukbraendli.ch\/wp-content\/uploads\/2024\/10\/ffdfd-2000x1335.jpg 2000w\" sizes=\"(max-width: 2560px) 100vw, 2560px\" \/><span aria-hidden=\"true\" class=\"wp-block-cover__background has-background-dim-40 has-background-dim\" style=\"background-color:#9d9d9d\"><\/span><div class=\"wp-block-cover__inner-container is-layout-flow wp-block-cover-is-layout-flow\">\n<div class=\"wp-block-buttons is-layout-flex wp-block-buttons-is-layout-flex\">\n<div class=\"wp-block-button is-style-outline is-style-outline--1\"><a class=\"wp-block-button__link has-white-color has-text-color has-link-color wp-element-button\" href=\"https:\/\/anukbraendli.ch\/index.php\/sponsor-goenner-werden\/\"><strong>SPONSOREN<\/strong><\/a><\/div>\n<\/div>\n\n\n\n<p class=\"has-white-color has-text-color has-link-color wp-elements-145456ee4a7570039d93f9d8cb0c5d7d\" style=\"font-size:clamp(15.197px, 0.95rem + ((1vw - 3.2px) * 0.691), 23px);\">Sponsoren sind ausgew\u00e4hlte Firmen und Partner <\/p>\n<\/div><\/div>\n\n\n\n<div style=\"height:80px\" aria-hidden=\"true\" class=\"wp-block-spacer\"><\/div>\n\n\n\n<p class=\"has-text-align-center has-large-font-size\"><\/p>\n\n\n\n<div class=\"wp-block-cover is-light has-custom-content-position is-position-bottom-left\"><img decoding=\"async\" width=\"2560\" height=\"1709\" class=\"wp-block-cover__image-background wp-image-774\" alt=\"\" src=\"https:\/\/anukbraendli.ch\/wp-content\/uploads\/2024\/10\/adfa-scaled.jpg\" data-object-fit=\"cover\" srcset=\"https:\/\/anukbraendli.ch\/wp-content\/uploads\/2024\/10\/adfa-scaled.jpg 2560w, https:\/\/anukbraendli.ch\/wp-content\/uploads\/2024\/10\/adfa-300x200.jpg 300w, https:\/\/anukbraendli.ch\/wp-content\/uploads\/2024\/10\/adfa-1024x684.jpg 1024w, https:\/\/anukbraendli.ch\/wp-content\/uploads\/2024\/10\/adfa-2000x1335.jpg 2000w\" sizes=\"(max-width: 2560px) 100vw, 2560px\" \/><span aria-hidden=\"true\" class=\"wp-block-cover__background has-background-dim-40 has-background-dim\" style=\"background-color:#898989\"><\/span><div class=\"wp-block-cover__inner-container is-layout-flow wp-block-cover-is-layout-flow\">\n<div class=\"wp-block-buttons is-layout-flex wp-block-buttons-is-layout-flex\">\n<div class=\"wp-block-button is-style-outline is-style-outline--2\"><a class=\"wp-block-button__link has-white-color has-text-color has-link-color wp-element-button\" href=\"https:\/\/anukbraendli.ch\/index.php\/goenner-werden\/\"><strong>G\u00d6NNER<\/strong><\/a><\/div>\n<\/div>\n\n\n\n<p class=\"has-white-color has-text-color has-link-color wp-elements-1501dcc820fddeb9aa0cd91b8449a955\" style=\"font-size:clamp(15.197px, 0.95rem + ((1vw - 3.2px) * 0.691), 23px);\">G\u00f6nner kann jeder werden, ob Privat oder Gesch\u00e4ftlich<\/p>\n<\/div><\/div>\n\n\n\n<div style=\"height:77px\" aria-hidden=\"true\" class=\"wp-block-spacer\"><\/div>\n\n\n\n<div style=\"height:19px\" aria-hidden=\"true\" class=\"wp-block-spacer\"><\/div>\n\n\n\n<p>Hauptsponsoren<\/p>\n\n\n\n<figure class=\"wp-block-image size-full wp-duotone-101010-ccc-3\"><img decoding=\"async\" width=\"1754\" height=\"973\" src=\"https:\/\/anukbraendli.ch\/wp-content\/uploads\/2025\/01\/TC_Logo_RGB_White-e1760942602608.png\" alt=\"\" class=\"wp-image-886\" style=\"aspect-ratio:16\/9;object-fit:cover\" srcset=\"https:\/\/anukbraendli.ch\/wp-content\/uploads\/2025\/01\/TC_Logo_RGB_White-e1760942602608.png 1754w, https:\/\/anukbraendli.ch\/wp-content\/uploads\/2025\/01\/TC_Logo_RGB_White-e1760942602608-300x166.png 300w, https:\/\/anukbraendli.ch\/wp-content\/uploads\/2025\/01\/TC_Logo_RGB_White-e1760942602608-1024x568.png 1024w, https:\/\/anukbraendli.ch\/wp-content\/uploads\/2025\/01\/TC_Logo_RGB_White-e1760942602608-768x426.png 768w, https:\/\/anukbraendli.ch\/wp-content\/uploads\/2025\/01\/TC_Logo_RGB_White-e1760942602608-1536x852.png 1536w\" sizes=\"(max-width: 1754px) 100vw, 1754px\" \/><\/figure>\n\n\n\n<figure class=\"wp-block-image aligncenter size-large is-resized\"><a href=\"https:\/\/inizia.ch\/\"><img loading=\"lazy\" decoding=\"async\" width=\"1024\" height=\"249\" src=\"https:\/\/anukbraendli.ch\/wp-content\/uploads\/2024\/10\/vcvcb-1024x249.png\" alt=\"\" class=\"wp-image-865\" style=\"width:740px;height:auto\" srcset=\"https:\/\/anukbraendli.ch\/wp-content\/uploads\/2024\/10\/vcvcb-1024x249.png 1024w, https:\/\/anukbraendli.ch\/wp-content\/uploads\/2024\/10\/vcvcb-300x73.png 300w, https:\/\/anukbraendli.ch\/wp-content\/uploads\/2024\/10\/vcvcb.png 1412w\" sizes=\"(max-width: 1024px) 100vw, 1024px\" \/><\/a><\/figure>\n\n\n\n<div style=\"height:117px\" aria-hidden=\"true\" class=\"wp-block-spacer\"><\/div>\n\n\n\n<div style=\"height:0px\" aria-hidden=\"true\" class=\"wp-block-spacer\"><\/div>\n\n\n\n<hr class=\"wp-block-separator has-alpha-channel-opacity is-style-wide\"\/>\n\n\n\n<div style=\"height:0px\" aria-hidden=\"true\" class=\"wp-block-spacer\"><\/div>\n\n\n\n<p>Individualsponsoren<\/p>\n\n\n\n<div class=\"wp-block-columns is-layout-flex wp-container-core-columns-is-layout-28f84493 wp-block-columns-is-layout-flex\">\n<div class=\"wp-block-column is-layout-flow wp-block-column-is-layout-flow\">\n<figure class=\"wp-block-image alignleft size-medium is-resized\"><a href=\"https:\/\/www.sporthilfe.ch\/de.html\" target=\"_blank\" rel=\"noreferrer noopener\"><img loading=\"lazy\" decoding=\"async\" width=\"300\" height=\"145\" src=\"https:\/\/anukbraendli.ch\/wp-content\/uploads\/2024\/01\/sporthilfe-frei-300x145.png\" alt=\"\" class=\"wp-image-366\" style=\"width:261px;height:auto\" srcset=\"https:\/\/anukbraendli.ch\/wp-content\/uploads\/2024\/01\/sporthilfe-frei-300x145.png 300w, https:\/\/anukbraendli.ch\/wp-content\/uploads\/2024\/01\/sporthilfe-frei.png 605w\" sizes=\"(max-width: 300px) 100vw, 300px\" \/><\/a><\/figure>\n<\/div>\n\n\n\n<div class=\"wp-block-column is-layout-flow wp-block-column-is-layout-flow\">\n<figure class=\"wp-block-image aligncenter size-full is-resized\"><a href=\"https:\/\/www.amag.ch\/\"><img loading=\"lazy\" decoding=\"async\" width=\"500\" height=\"177\" src=\"https:\/\/anukbraendli.ch\/wp-content\/uploads\/2025\/01\/AMAG_logo.svg_.png\" alt=\"\" class=\"wp-image-912\" style=\"width:267px;height:auto\" srcset=\"https:\/\/anukbraendli.ch\/wp-content\/uploads\/2025\/01\/AMAG_logo.svg_.png 500w, https:\/\/anukbraendli.ch\/wp-content\/uploads\/2025\/01\/AMAG_logo.svg_-300x106.png 300w\" sizes=\"(max-width: 500px) 100vw, 500px\" \/><\/a><\/figure>\n<\/div>\n\n\n\n<div class=\"wp-block-column is-layout-flow wp-block-column-is-layout-flow\">\n<figure class=\"wp-block-image aligncenter size-full is-resized\"><a href=\"https:\/\/www.gaisbock.ch\/\" target=\"_blank\" rel=\"noreferrer noopener\"><img loading=\"lazy\" decoding=\"async\" width=\"167\" height=\"176\" src=\"https:\/\/anukbraendli.ch\/wp-content\/uploads\/2025\/10\/Gaisbock_white_logo.png\" alt=\"\" class=\"wp-image-1055\" style=\"width:168px;height:auto\"\/><\/a><\/figure>\n\n\n\n<div style=\"height:16px\" aria-hidden=\"true\" class=\"wp-block-spacer\"><\/div>\n<\/div>\n<\/div>\n\n\n\n<div style=\"height:7px\" aria-hidden=\"true\" class=\"wp-block-spacer\"><\/div>\n\n\n\n<hr class=\"wp-block-separator has-alpha-channel-opacity is-style-wide\"\/>\n\n\n\n<div style=\"height:0px\" aria-hidden=\"true\" class=\"wp-block-spacer\"><\/div>\n\n\n\n<p>Partner<\/p>\n\n\n\n<div class=\"wp-block-columns is-layout-flex wp-container-core-columns-is-layout-28f84493 wp-block-columns-is-layout-flex\">\n<div class=\"wp-block-column is-layout-flow wp-block-column-is-layout-flow\">\n<figure class=\"wp-block-image size-medium is-resized\"><a href=\"https:\/\/www.update-fitness.ch\/\" target=\"_blank\" rel=\"noreferrer noopener\"><img loading=\"lazy\" decoding=\"async\" width=\"300\" height=\"122\" src=\"https:\/\/anukbraendli.ch\/wp-content\/uploads\/2024\/01\/Logo_Gruen_medium_0_0_0-1-300x122.webp\" alt=\"\" class=\"wp-image-257\" style=\"width:248px;height:auto\" srcset=\"https:\/\/anukbraendli.ch\/wp-content\/uploads\/2024\/01\/Logo_Gruen_medium_0_0_0-1-300x122.webp 300w, https:\/\/anukbraendli.ch\/wp-content\/uploads\/2024\/01\/Logo_Gruen_medium_0_0_0-1.webp 398w\" sizes=\"(max-width: 300px) 100vw, 300px\" \/><\/a><\/figure>\n<\/div>\n\n\n\n<div class=\"wp-block-column is-layout-flow wp-block-column-is-layout-flow\">\n<figure class=\"wp-block-image aligncenter size-full is-resized has-custom-border is-style-default\"><a href=\"https:\/\/www.audi.ch\/ch\/web\/de.html\" target=\"_blank\" rel=\"noreferrer noopener\"><img loading=\"lazy\" decoding=\"async\" width=\"1920\" height=\"1080\" src=\"https:\/\/anukbraendli.ch\/wp-content\/uploads\/2024\/01\/Audi-logo-1999-1920x1080-1.png\" alt=\"\" class=\"wp-image-133\" style=\"border-style:none;border-width:0px;width:243px;height:auto\" srcset=\"https:\/\/anukbraendli.ch\/wp-content\/uploads\/2024\/01\/Audi-logo-1999-1920x1080-1.png 1920w, https:\/\/anukbraendli.ch\/wp-content\/uploads\/2024\/01\/Audi-logo-1999-1920x1080-1-300x169.png 300w, https:\/\/anukbraendli.ch\/wp-content\/uploads\/2024\/01\/Audi-logo-1999-1920x1080-1-1024x576.png 1024w\" sizes=\"(max-width: 1920px) 100vw, 1920px\" \/><\/a><\/figure>\n<\/div>\n\n\n\n<div class=\"wp-block-column is-layout-flow wp-block-column-is-layout-flow\">\n<div style=\"height:16px\" aria-hidden=\"true\" class=\"wp-block-spacer\"><\/div>\n<\/div>\n<\/div>\n\n\n\n<div style=\"height:22px\" aria-hidden=\"true\" class=\"wp-block-spacer\"><\/div>\n\n\n\n<hr class=\"wp-block-separator has-alpha-channel-opacity is-style-wide\"\/>\n\n\n\n<div style=\"height:0px\" aria-hidden=\"true\" class=\"wp-block-spacer\"><\/div>\n\n\n\n<p>Ausr\u00fcster<\/p>\n\n\n\n<div class=\"wp-block-columns is-layout-flex wp-container-core-columns-is-layout-28f84493 wp-block-columns-is-layout-flex\">\n<div class=\"wp-block-column is-layout-flow wp-block-column-is-layout-flow\">\n<div style=\"height:0px\" aria-hidden=\"true\" class=\"wp-block-spacer\"><\/div>\n\n\n\n<figure class=\"wp-block-image alignleft size-full is-resized\"><a href=\"https:\/\/www.atomic.com\/de-ch\" target=\"_blank\" rel=\"noreferrer noopener\"><img loading=\"lazy\" decoding=\"async\" width=\"2560\" height=\"942\" src=\"https:\/\/anukbraendli.ch\/wp-content\/uploads\/2024\/01\/Atomic-logo.svg_.png\" alt=\"\" class=\"wp-image-131\" style=\"width:337px;height:auto\" srcset=\"https:\/\/anukbraendli.ch\/wp-content\/uploads\/2024\/01\/Atomic-logo.svg_.png 2560w, https:\/\/anukbraendli.ch\/wp-content\/uploads\/2024\/01\/Atomic-logo.svg_-300x110.png 300w, https:\/\/anukbraendli.ch\/wp-content\/uploads\/2024\/01\/Atomic-logo.svg_-1024x377.png 1024w, https:\/\/anukbraendli.ch\/wp-content\/uploads\/2024\/01\/Atomic-logo.svg_-2000x736.png 2000w\" sizes=\"(max-width: 2560px) 100vw, 2560px\" \/><\/a><\/figure>\n<\/div>\n\n\n\n<div class=\"wp-block-column is-layout-flow wp-block-column-is-layout-flow\">\n<figure class=\"wp-block-image aligncenter size-full is-resized\"><a href=\"https:\/\/www.leki.com\/ch\/de\"><img loading=\"lazy\" decoding=\"async\" width=\"605\" height=\"340\" src=\"https:\/\/anukbraendli.ch\/wp-content\/uploads\/2025\/10\/Bild2.png\" alt=\"\" class=\"wp-image-1076\" style=\"width:299px;height:auto\" srcset=\"https:\/\/anukbraendli.ch\/wp-content\/uploads\/2025\/10\/Bild2.png 605w, https:\/\/anukbraendli.ch\/wp-content\/uploads\/2025\/10\/Bild2-300x169.png 300w\" sizes=\"(max-width: 605px) 100vw, 605px\" \/><\/a><\/figure>\n\n\n\n<div style=\"height:44px\" aria-hidden=\"true\" class=\"wp-block-spacer\"><\/div>\n<\/div>\n\n\n\n<div class=\"wp-block-column is-layout-flow wp-block-column-is-layout-flow\">\n<div style=\"height:45px\" aria-hidden=\"true\" class=\"wp-block-spacer\"><\/div>\n<\/div>\n<\/div>\n\n\n\n<div style=\"height:71px\" aria-hidden=\"true\" class=\"wp-block-spacer\"><\/div>\n\n\n\n<hr class=\"wp-block-separator has-alpha-channel-opacity is-style-wide\"\/>\n\n\n\n<p>Verbandssponsoren<\/p>\n\n\n\n<div style=\"height:46px\" aria-hidden=\"true\" class=\"wp-block-spacer\"><\/div>\n\n\n\n<div class=\"wp-block-columns is-layout-flex wp-container-core-columns-is-layout-28f84493 wp-block-columns-is-layout-flex\">\n<div class=\"wp-block-column is-layout-flow wp-block-column-is-layout-flow\">\n<figure class=\"wp-block-image alignleft size-full is-resized\"><a href=\"https:\/\/www.raiffeisen.ch\/rch\/de.html\" target=\"_blank\" rel=\"noreferrer noopener\"><img loading=\"lazy\" decoding=\"async\" width=\"2560\" height=\"376\" src=\"https:\/\/anukbraendli.ch\/wp-content\/uploads\/2024\/01\/Raiffeisen_Schweiz_Logo.svg_-1.png\" alt=\"\" class=\"wp-image-263\" style=\"width:275px;height:auto\" srcset=\"https:\/\/anukbraendli.ch\/wp-content\/uploads\/2024\/01\/Raiffeisen_Schweiz_Logo.svg_-1.png 2560w, https:\/\/anukbraendli.ch\/wp-content\/uploads\/2024\/01\/Raiffeisen_Schweiz_Logo.svg_-1-300x44.png 300w, https:\/\/anukbraendli.ch\/wp-content\/uploads\/2024\/01\/Raiffeisen_Schweiz_Logo.svg_-1-1024x150.png 1024w, https:\/\/anukbraendli.ch\/wp-content\/uploads\/2024\/01\/Raiffeisen_Schweiz_Logo.svg_-1-2000x294.png 2000w\" sizes=\"(max-width: 2560px) 100vw, 2560px\" \/><\/a><\/figure>\n<\/div>\n\n\n\n<div class=\"wp-block-column is-layout-flow wp-block-column-is-layout-flow\">\n<figure class=\"wp-block-image aligncenter size-full is-resized\"><a href=\"https:\/\/www.bkw.ch\/de\" target=\"_blank\" rel=\"noreferrer noopener\"><img loading=\"lazy\" decoding=\"async\" width=\"1538\" height=\"326\" src=\"https:\/\/anukbraendli.ch\/wp-content\/uploads\/2024\/01\/BKW.SW_BIG.D-46f7ff6d.png\" alt=\"\" class=\"wp-image-268\" style=\"width:260px;height:auto\" srcset=\"https:\/\/anukbraendli.ch\/wp-content\/uploads\/2024\/01\/BKW.SW_BIG.D-46f7ff6d.png 1538w, https:\/\/anukbraendli.ch\/wp-content\/uploads\/2024\/01\/BKW.SW_BIG.D-46f7ff6d-300x64.png 300w, https:\/\/anukbraendli.ch\/wp-content\/uploads\/2024\/01\/BKW.SW_BIG.D-46f7ff6d-1024x217.png 1024w\" sizes=\"(max-width: 1538px) 100vw, 1538px\" \/><\/a><\/figure>\n<\/div>\n\n\n\n<div class=\"wp-block-column is-layout-flow wp-block-column-is-layout-flow\">\n<figure class=\"wp-block-image alignright size-full is-resized\"><a href=\"https:\/\/www.helvetia.com\/corporate\/web\/de\/home.html\" target=\"_blank\" rel=\"noreferrer noopener\"><img loading=\"lazy\" decoding=\"async\" width=\"924\" height=\"281\" src=\"https:\/\/anukbraendli.ch\/wp-content\/uploads\/2024\/01\/helvetia-logo_weiss.webp\" alt=\"\" class=\"wp-image-266\" style=\"width:260px;height:auto\" srcset=\"https:\/\/anukbraendli.ch\/wp-content\/uploads\/2024\/01\/helvetia-logo_weiss.webp 924w, https:\/\/anukbraendli.ch\/wp-content\/uploads\/2024\/01\/helvetia-logo_weiss-300x91.webp 300w\" sizes=\"(max-width: 924px) 100vw, 924px\" \/><\/a><\/figure>\n<\/div>\n<\/div>\n\n\n\n<div class=\"wp-block-group has-global-padding is-layout-constrained wp-block-group-is-layout-constrained\">\n<div class=\"wp-block-columns is-layout-flex wp-container-core-columns-is-layout-28f84493 wp-block-columns-is-layout-flex\">\n<div class=\"wp-block-column is-layout-flow wp-block-column-is-layout-flow\">\n<div style=\"height:28px\" aria-hidden=\"true\" class=\"wp-block-spacer\"><\/div>\n\n\n\n<figure class=\"wp-block-image size-full is-resized\"><a href=\"https:\/\/www.sunrise.ch\/de\/home\" target=\"_blank\" rel=\"noreferrer noopener\"><img loading=\"lazy\" decoding=\"async\" width=\"1200\" height=\"1073\" src=\"https:\/\/anukbraendli.ch\/wp-content\/uploads\/2024\/01\/Sunrise_2022.svg_.png\" alt=\"\" class=\"wp-image-264\" style=\"width:135px;height:auto\" srcset=\"https:\/\/anukbraendli.ch\/wp-content\/uploads\/2024\/01\/Sunrise_2022.svg_.png 1200w, https:\/\/anukbraendli.ch\/wp-content\/uploads\/2024\/01\/Sunrise_2022.svg_-300x268.png 300w, https:\/\/anukbraendli.ch\/wp-content\/uploads\/2024\/01\/Sunrise_2022.svg_-1024x916.png 1024w\" sizes=\"(max-width: 1200px) 100vw, 1200px\" \/><\/a><\/figure>\n<\/div>\n\n\n\n<div class=\"wp-block-column is-layout-flow wp-block-column-is-layout-flow\">\n<div style=\"height:57px\" aria-hidden=\"true\" class=\"wp-block-spacer\"><\/div>\n<\/div>\n\n\n\n<div class=\"wp-block-column is-layout-flow wp-block-column-is-layout-flow\"><\/div>\n<\/div>\n<\/div>\n\n\n\n<div style=\"height:50px\" aria-hidden=\"true\" class=\"wp-block-spacer\"><\/div>\n\n\n\n<hr class=\"wp-block-separator has-alpha-channel-opacity is-style-wide\"\/>\n\n\n\n<p>G\u00f6nner<\/p>\n\n\n\n<p><\/p>\n","protected":false},"excerpt":{"rendered":"<p>Auf meinem Weg an die Weltspitze bin ich auf Sponsoren und Partner angewiesen, die an mich glauben, mich begleiten und mit mir gemeinsam \u00fcber sich hinauswachsen wollen. Hauptsponsoren Individualsponsoren Partner Ausr\u00fcster Verbandssponsoren G\u00f6nner<\/p>\n","protected":false},"author":1,"featured_media":779,"parent":0,"menu_order":0,"comment_status":"closed","ping_status":"closed","template":"","meta":{"inspiro_hide_title":false,"footnotes":""},"class_list":["post-10","page","type-page","status-publish","has-post-thumbnail","hentry"],"_links":{"self":[{"href":"https:\/\/anukbraendli.ch\/index.php\/wp-json\/wp\/v2\/pages\/10","targetHints":{"allow":["GET"]}}],"collection":[{"href":"https:\/\/anukbraendli.ch\/index.php\/wp-json\/wp\/v2\/pages"}],"about":[{"href":"https:\/\/anukbraendli.ch\/index.php\/wp-json\/wp\/v2\/types\/page"}],"author":[{"embeddable":true,"href":"https:\/\/anukbraendli.ch\/index.php\/wp-json\/wp\/v2\/users\/1"}],"replies":[{"embeddable":true,"href":"https:\/\/anukbraendli.ch\/index.php\/wp-json\/wp\/v2\/comments?post=10"}],"version-history":[{"count":198,"href":"https:\/\/anukbraendli.ch\/index.php\/wp-json\/wp\/v2\/pages\/10\/revisions"}],"predecessor-version":[{"id":1103,"href":"https:\/\/anukbraendli.ch\/index.php\/wp-json\/wp\/v2\/pages\/10\/revisions\/1103"}],"wp:featuredmedia":[{"embeddable":true,"href":"https:\/\/anukbraendli.ch\/index.php\/wp-json\/wp\/v2\/media\/779"}],"wp:attachment":[{"href":"https:\/\/anukbraendli.ch\/index.php\/wp-json\/wp\/v2\/media?parent=10"}],"curies":[{"name":"wp","href":"https:\/\/api.w.org\/{rel}","templated":true}]}}